{"id":273,"date":"2021-10-25T16:34:35","date_gmt":"2021-10-25T15:34:35","guid":{"rendered":"https:\/\/www.sebastien-avril.fr\/?page_id=273"},"modified":"2022-06-14T20:37:56","modified_gmt":"2022-06-14T18:37:56","slug":"singulierement-plurielles-lorgue-et-treize-compositrices-au-fil-du-temps","status":"publish","type":"page","link":"https:\/\/www.sebastien-avril.fr\/index.php\/singulierement-plurielles-lorgue-et-treize-compositrices-au-fil-du-temps\/","title":{"rendered":"\u00ab\u00a0Singuli\u00e8rement Plurielles\u00a0\u00bb &#8211; L&rsquo;orgue et treize compositrices au fil du temps"},"content":{"rendered":"\t\t<div data-elementor-type=\"wp-page\" data-elementor-id=\"273\" class=\"elementor elementor-273\" data-elementor-settings=\"[]\">\n\t\t\t\t\t\t<div class=\"elementor-inner\">\n\t\t\t\t\t\t\t<div class=\"elementor-section-wrap\">\n\t\t\t\t\t\t\t<section class=\"elementor-section elementor-top-section elementor-element elementor-element-a4d5f6c elementor-section-boxed elementor-section-height-default elementor-section-height-default\" data-id=\"a4d5f6c\" data-element_type=\"section\">\n\t\t\t\t\t\t<div class=\"elementor-container elementor-column-gap-default\">\n\t\t\t\t\t\t\t<div class=\"elementor-row\">\n\t\t\t\t\t<div class=\"elementor-column elementor-col-50 elementor-top-column elementor-element elementor-element-6cd750c\" data-id=\"6cd750c\" data-element_type=\"column\">\n\t\t\t<div class=\"elementor-column-wrap elementor-element-populated\">\n\t\t\t\t\t\t\t<div class=\"elementor-widget-wrap\">\n\t\t\t\t\t\t<div class=\"elementor-element elementor-element-5ed3f7b elementor-widget elementor-widget-image\" data-id=\"5ed3f7b\" data-element_type=\"widget\" data-widget_type=\"image.default\">\n\t\t\t\t<div class=\"elementor-widget-container\">\n\t\t\t\t\t<div class=\"elementor-image\">\n\t\t\t\t\t\t\t\t\t\t<img loading=\"lazy\" decoding=\"async\" width=\"390\" height=\"349\" src=\"https:\/\/www.sebastien-avril.fr\/wp-content\/uploads\/2022\/04\/singulierement-plurielles.png\" class=\"attachment-large size-large\" alt=\"\" srcset=\"https:\/\/www.sebastien-avril.fr\/wp-content\/uploads\/2022\/04\/singulierement-plurielles.png 390w, https:\/\/www.sebastien-avril.fr\/wp-content\/uploads\/2022\/04\/singulierement-plurielles-300x268.png 300w\" sizes=\"auto, (max-width: 390px) 100vw, 390px\" \/>\t\t\t\t\t\t\t\t\t\t\t<\/div>\n\t\t\t\t<\/div>\n\t\t\t\t<\/div>\n\t\t\t\t\t\t<\/div>\n\t\t\t\t\t<\/div>\n\t\t<\/div>\n\t\t\t\t<div class=\"elementor-column elementor-col-50 elementor-top-column elementor-element elementor-element-294c7a3\" data-id=\"294c7a3\" data-element_type=\"column\">\n\t\t\t<div class=\"elementor-column-wrap elementor-element-populated\">\n\t\t\t\t\t\t\t<div class=\"elementor-widget-wrap\">\n\t\t\t\t\t\t<div class=\"elementor-element elementor-element-fbe0a90 elementor-widget elementor-widget-text-editor\" data-id=\"fbe0a90\" data-element_type=\"widget\" data-widget_type=\"text-editor.default\">\n\t\t\t\t<div class=\"elementor-widget-container\">\n\t\t\t\t\t<div class=\"elementor-text-editor elementor-clearfix\"><p><em>\u00ab Un programme exceptionnel constitu\u00e9 exclusivement d\u2019\u0153uvres pour orgue de compositrices, du baroque \u00e0 nos jours. Douze jeunes organistes du Conservatoire de Saint-Maur jouent trois beaux instruments de leur ville.<\/em><\/p><\/div>\n\t\t\t\t<\/div>\n\t\t\t\t<\/div>\n\t\t\t\t\t\t<\/div>\n\t\t\t\t\t<\/div>\n\t\t<\/div>\n\t\t\t\t\t\t\t\t<\/div>\n\t\t\t\t\t<\/div>\n\t\t<\/section>\n\t\t\t\t<section class=\"elementor-section elementor-top-section elementor-element elementor-element-0ed424e elementor-section-boxed elementor-section-height-default elementor-section-height-default\" data-id=\"0ed424e\" data-element_type=\"section\">\n\t\t\t\t\t\t<div class=\"elementor-container elementor-column-gap-default\">\n\t\t\t\t\t\t\t<div class=\"elementor-row\">\n\t\t\t\t\t<div class=\"elementor-column elementor-col-100 elementor-top-column elementor-element elementor-element-61954ea\" data-id=\"61954ea\" data-element_type=\"column\">\n\t\t\t<div class=\"elementor-column-wrap elementor-element-populated\">\n\t\t\t\t\t\t\t<div class=\"elementor-widget-wrap\">\n\t\t\t\t\t\t<div class=\"elementor-element elementor-element-e48d28c elementor-widget elementor-widget-text-editor\" data-id=\"e48d28c\" data-element_type=\"widget\" data-widget_type=\"text-editor.default\">\n\t\t\t\t<div class=\"elementor-widget-container\">\n\t\t\t\t\t<div class=\"elementor-text-editor elementor-clearfix\"><p>De rares pages d&rsquo;Elisabeth Ballon, Elsa Barraine, Mel Bonis, Nadia Boulanger, Jos\u00e9phine Boulay, Hedwige Chr\u00e9tien, Jeanne Demessieux, Marie-Louis Girod, Elisabeth Jacquet de La Guerre, Marie-Ange Leurent, Fanny Mendelssohn-Hensel, Rikako Watanabe et Clara Wieck-Schumann.<\/p><p> Interpr\u00e9t\u00e9es par Ophelia Amar, S\u00e9bastien Avril, Paul Carlotti, Simon Defromont, Sacha Dh\u00e9nin, Oleg Dronnikov, Odile Foulliaron, Cl\u00e9ment Fran\u00e7ois, Maria Ginju, Edmond Reuz\u00e9, Marie-Louise Tocco, Laetitia Tuza\u00a0\u00bb<\/p><\/div>\n\t\t\t\t<\/div>\n\t\t\t\t<\/div>\n\t\t\t\t\t\t<\/div>\n\t\t\t\t\t<\/div>\n\t\t<\/div>\n\t\t\t\t\t\t\t\t<\/div>\n\t\t\t\t\t<\/div>\n\t\t<\/section>\n\t\t\t\t<section class=\"elementor-section elementor-top-section elementor-element elementor-element-7544614 elementor-section-boxed elementor-section-height-default elementor-section-height-default\" data-id=\"7544614\" data-element_type=\"section\">\n\t\t\t\t\t\t<div class=\"elementor-container elementor-column-gap-default\">\n\t\t\t\t\t\t\t<div class=\"elementor-row\">\n\t\t\t\t\t<div class=\"elementor-column elementor-col-100 elementor-top-column elementor-element elementor-element-60359b2\" data-id=\"60359b2\" data-element_type=\"column\">\n\t\t\t<div class=\"elementor-column-wrap elementor-element-populated\">\n\t\t\t\t\t\t\t<div class=\"elementor-widget-wrap\">\n\t\t\t\t\t\t<div class=\"elementor-element elementor-element-874a869 elementor-widget elementor-widget-text-editor\" data-id=\"874a869\" data-element_type=\"widget\" data-widget_type=\"text-editor.default\">\n\t\t\t\t<div class=\"elementor-widget-container\">\n\t\t\t\t\t<div class=\"elementor-text-editor elementor-clearfix\"><p><a href=\"https:\/\/www.chanteloup-musique.org\/nos-disques\/collection-classique\/\" target=\"_blank\" rel=\"noopener\">Acheter le CD ici<\/a><\/p><\/div>\n\t\t\t\t<\/div>\n\t\t\t\t<\/div>\n\t\t\t\t\t\t<\/div>\n\t\t\t\t\t<\/div>\n\t\t<\/div>\n\t\t\t\t\t\t\t\t<\/div>\n\t\t\t\t\t<\/div>\n\t\t<\/section>\n\t\t\t\t\t\t<\/div>\n\t\t\t\t\t\t<\/div>\n\t\t\t\t\t<\/div>\n\t\t","protected":false},"excerpt":{"rendered":"<p>\u00ab Un programme exceptionnel constitu\u00e9 exclusivement d\u2019\u0153uvres pour orgue de compositrices, du baroque \u00e0 nos jours. Douze jeunes organistes du<\/p>\n<p><a href=\"https:\/\/www.sebastien-avril.fr\/index.php\/singulierement-plurielles-lorgue-et-treize-compositrices-au-fil-du-temps\/\" class=\"more-link\">Continue reading<span class=\"screen-reader-text\">\u00ab\u00a0Singuli\u00e8rement Plurielles\u00a0\u00bb &#8211; L&rsquo;orgue et treize compositrices au fil du temps<\/span><\/a><\/p>\n","protected":false},"author":1,"featured_media":0,"parent":0,"menu_order":0,"comment_status":"closed","ping_status":"closed","template":"","meta":{"footnotes":""},"class_list":["post-273","page","type-page","status-publish","hentry"],"yoast_head":"<!-- This site is optimized with the Yoast SEO plugin v27.4 - https:\/\/yoast.com\/product\/yoast-seo-wordpress\/ -->\n<title>&quot;Singuli\u00e8rement Plurielles&quot; - L&#039;orgue et treize compositrices au fil du temps - S\u00e9bastien Avril<\/title>\n<meta name=\"description\" content=\"&quot;Singuli\u00e8rement Plurielles&quot; - L&#039;orgue et treize compositrices au fil du temps... - S\u00e9bastien Avril\" \/>\n<meta name=\"robots\" content=\"index, follow, max-snippet:-1, max-image-preview:large, max-video-preview:-1\" \/>\n<link rel=\"canonical\" href=\"https:\/\/www.sebastien-avril.fr\/index.php\/singulierement-plurielles-lorgue-et-treize-compositrices-au-fil-du-temps\/\" \/>\n<meta property=\"og:locale\" content=\"fr_FR\" \/>\n<meta property=\"og:type\" content=\"article\" \/>\n<meta property=\"og:title\" content=\"&quot;Singuli\u00e8rement Plurielles&quot; - L&#039;orgue et treize compositrices au fil du temps - S\u00e9bastien Avril\" \/>\n<meta property=\"og:description\" content=\"&quot;Singuli\u00e8rement Plurielles&quot; - L&#039;orgue et treize compositrices au fil du temps... - S\u00e9bastien Avril\" \/>\n<meta property=\"og:url\" content=\"https:\/\/www.sebastien-avril.fr\/index.php\/singulierement-plurielles-lorgue-et-treize-compositrices-au-fil-du-temps\/\" \/>\n<meta property=\"og:site_name\" content=\"S\u00e9bastien Avril\" \/>\n<meta property=\"article:publisher\" content=\"https:\/\/www.facebook.com\/savrilmsq\" \/>\n<meta property=\"article:modified_time\" content=\"2022-06-14T18:37:56+00:00\" \/>\n<meta property=\"og:image\" content=\"http:\/\/www.sebastien-avril.fr\/wp-content\/uploads\/2022\/04\/singulierement-plurielles.png\" \/>\n<meta name=\"twitter:card\" content=\"summary_large_image\" \/>\n<meta name=\"twitter:label1\" content=\"Dur\u00e9e de lecture estim\u00e9e\" \/>\n\t<meta name=\"twitter:data1\" content=\"1 minute\" \/>\n<script type=\"application\/ld+json\" class=\"yoast-schema-graph\">{\"@context\":\"https:\\\/\\\/schema.org\",\"@graph\":[{\"@type\":\"WebPage\",\"@id\":\"https:\\\/\\\/www.sebastien-avril.fr\\\/index.php\\\/singulierement-plurielles-lorgue-et-treize-compositrices-au-fil-du-temps\\\/\",\"url\":\"https:\\\/\\\/www.sebastien-avril.fr\\\/index.php\\\/singulierement-plurielles-lorgue-et-treize-compositrices-au-fil-du-temps\\\/\",\"name\":\"\\\"Singuli\u00e8rement Plurielles\\\" - L'orgue et treize compositrices au fil du temps - S\u00e9bastien Avril\",\"isPartOf\":{\"@id\":\"https:\\\/\\\/www.sebastien-avril.fr\\\/#website\"},\"primaryImageOfPage\":{\"@id\":\"https:\\\/\\\/www.sebastien-avril.fr\\\/index.php\\\/singulierement-plurielles-lorgue-et-treize-compositrices-au-fil-du-temps\\\/#primaryimage\"},\"image\":{\"@id\":\"https:\\\/\\\/www.sebastien-avril.fr\\\/index.php\\\/singulierement-plurielles-lorgue-et-treize-compositrices-au-fil-du-temps\\\/#primaryimage\"},\"thumbnailUrl\":\"http:\\\/\\\/www.sebastien-avril.fr\\\/wp-content\\\/uploads\\\/2022\\\/04\\\/singulierement-plurielles.png\",\"datePublished\":\"2021-10-25T15:34:35+00:00\",\"dateModified\":\"2022-06-14T18:37:56+00:00\",\"description\":\"\\\"Singuli\u00e8rement Plurielles\\\" - L'orgue et treize compositrices au fil du temps... - S\u00e9bastien Avril\",\"breadcrumb\":{\"@id\":\"https:\\\/\\\/www.sebastien-avril.fr\\\/index.php\\\/singulierement-plurielles-lorgue-et-treize-compositrices-au-fil-du-temps\\\/#breadcrumb\"},\"inLanguage\":\"fr-FR\",\"potentialAction\":[{\"@type\":\"ReadAction\",\"target\":[\"https:\\\/\\\/www.sebastien-avril.fr\\\/index.php\\\/singulierement-plurielles-lorgue-et-treize-compositrices-au-fil-du-temps\\\/\"]}]},{\"@type\":\"ImageObject\",\"inLanguage\":\"fr-FR\",\"@id\":\"https:\\\/\\\/www.sebastien-avril.fr\\\/index.php\\\/singulierement-plurielles-lorgue-et-treize-compositrices-au-fil-du-temps\\\/#primaryimage\",\"url\":\"https:\\\/\\\/www.sebastien-avril.fr\\\/wp-content\\\/uploads\\\/2022\\\/04\\\/singulierement-plurielles.png\",\"contentUrl\":\"https:\\\/\\\/www.sebastien-avril.fr\\\/wp-content\\\/uploads\\\/2022\\\/04\\\/singulierement-plurielles.png\",\"width\":390,\"height\":349},{\"@type\":\"BreadcrumbList\",\"@id\":\"https:\\\/\\\/www.sebastien-avril.fr\\\/index.php\\\/singulierement-plurielles-lorgue-et-treize-compositrices-au-fil-du-temps\\\/#breadcrumb\",\"itemListElement\":[{\"@type\":\"ListItem\",\"position\":1,\"name\":\"Accueil\",\"item\":\"https:\\\/\\\/www.sebastien-avril.fr\\\/\"},{\"@type\":\"ListItem\",\"position\":2,\"name\":\"\u00ab\u00a0Singuli\u00e8rement Plurielles\u00a0\u00bb &#8211; L&rsquo;orgue et treize compositrices au fil du temps\"}]},{\"@type\":\"WebSite\",\"@id\":\"https:\\\/\\\/www.sebastien-avril.fr\\\/#website\",\"url\":\"https:\\\/\\\/www.sebastien-avril.fr\\\/\",\"name\":\"S\u00e9bastien Avril\",\"description\":\"Musicien et Auteur-Compositeur\",\"publisher\":{\"@id\":\"https:\\\/\\\/www.sebastien-avril.fr\\\/#\\\/schema\\\/person\\\/f29e6b62eff270aec7593c250739c345\"},\"potentialAction\":[{\"@type\":\"SearchAction\",\"target\":{\"@type\":\"EntryPoint\",\"urlTemplate\":\"https:\\\/\\\/www.sebastien-avril.fr\\\/?s={search_term_string}\"},\"query-input\":{\"@type\":\"PropertyValueSpecification\",\"valueRequired\":true,\"valueName\":\"search_term_string\"}}],\"inLanguage\":\"fr-FR\"},{\"@type\":[\"Person\",\"Organization\"],\"@id\":\"https:\\\/\\\/www.sebastien-avril.fr\\\/#\\\/schema\\\/person\\\/f29e6b62eff270aec7593c250739c345\",\"name\":\"sebavril\",\"image\":{\"@type\":\"ImageObject\",\"inLanguage\":\"fr-FR\",\"@id\":\"http:\\\/\\\/www.sebastien-avril.fr\\\/wp-content\\\/uploads\\\/2022\\\/04\\\/sebastien-avril-logo-1.jpg\",\"url\":\"http:\\\/\\\/www.sebastien-avril.fr\\\/wp-content\\\/uploads\\\/2022\\\/04\\\/sebastien-avril-logo-1.jpg\",\"contentUrl\":\"http:\\\/\\\/www.sebastien-avril.fr\\\/wp-content\\\/uploads\\\/2022\\\/04\\\/sebastien-avril-logo-1.jpg\",\"width\":931,\"height\":894,\"caption\":\"sebavril\"},\"logo\":{\"@id\":\"http:\\\/\\\/www.sebastien-avril.fr\\\/wp-content\\\/uploads\\\/2022\\\/04\\\/sebastien-avril-logo-1.jpg\"},\"sameAs\":[\"http:\\\/\\\/www.sebastien-avril.fr\",\"https:\\\/\\\/www.facebook.com\\\/savrilmsq\",\"https:\\\/\\\/soundcloud.com\\\/sebastienavril-astylmusic\"]}]}<\/script>\n<!-- \/ Yoast SEO plugin. -->","yoast_head_json":{"title":"\"Singuli\u00e8rement Plurielles\" - L'orgue et treize compositrices au fil du temps - S\u00e9bastien Avril","description":"\"Singuli\u00e8rement Plurielles\" - L'orgue et treize compositrices au fil du temps... - S\u00e9bastien Avril","robots":{"index":"index","follow":"follow","max-snippet":"max-snippet:-1","max-image-preview":"max-image-preview:large","max-video-preview":"max-video-preview:-1"},"canonical":"https:\/\/www.sebastien-avril.fr\/index.php\/singulierement-plurielles-lorgue-et-treize-compositrices-au-fil-du-temps\/","og_locale":"fr_FR","og_type":"article","og_title":"\"Singuli\u00e8rement Plurielles\" - L'orgue et treize compositrices au fil du temps - S\u00e9bastien Avril","og_description":"\"Singuli\u00e8rement Plurielles\" - L'orgue et treize compositrices au fil du temps... - S\u00e9bastien Avril","og_url":"https:\/\/www.sebastien-avril.fr\/index.php\/singulierement-plurielles-lorgue-et-treize-compositrices-au-fil-du-temps\/","og_site_name":"S\u00e9bastien Avril","article_publisher":"https:\/\/www.facebook.com\/savrilmsq","article_modified_time":"2022-06-14T18:37:56+00:00","og_image":[{"url":"http:\/\/www.sebastien-avril.fr\/wp-content\/uploads\/2022\/04\/singulierement-plurielles.png","type":"","width":"","height":""}],"twitter_card":"summary_large_image","twitter_misc":{"Dur\u00e9e de lecture estim\u00e9e":"1 minute"},"schema":{"@context":"https:\/\/schema.org","@graph":[{"@type":"WebPage","@id":"https:\/\/www.sebastien-avril.fr\/index.php\/singulierement-plurielles-lorgue-et-treize-compositrices-au-fil-du-temps\/","url":"https:\/\/www.sebastien-avril.fr\/index.php\/singulierement-plurielles-lorgue-et-treize-compositrices-au-fil-du-temps\/","name":"\"Singuli\u00e8rement Plurielles\" - L'orgue et treize compositrices au fil du temps - S\u00e9bastien Avril","isPartOf":{"@id":"https:\/\/www.sebastien-avril.fr\/#website"},"primaryImageOfPage":{"@id":"https:\/\/www.sebastien-avril.fr\/index.php\/singulierement-plurielles-lorgue-et-treize-compositrices-au-fil-du-temps\/#primaryimage"},"image":{"@id":"https:\/\/www.sebastien-avril.fr\/index.php\/singulierement-plurielles-lorgue-et-treize-compositrices-au-fil-du-temps\/#primaryimage"},"thumbnailUrl":"http:\/\/www.sebastien-avril.fr\/wp-content\/uploads\/2022\/04\/singulierement-plurielles.png","datePublished":"2021-10-25T15:34:35+00:00","dateModified":"2022-06-14T18:37:56+00:00","description":"\"Singuli\u00e8rement Plurielles\" - L'orgue et treize compositrices au fil du temps... - S\u00e9bastien Avril","breadcrumb":{"@id":"https:\/\/www.sebastien-avril.fr\/index.php\/singulierement-plurielles-lorgue-et-treize-compositrices-au-fil-du-temps\/#breadcrumb"},"inLanguage":"fr-FR","potentialAction":[{"@type":"ReadAction","target":["https:\/\/www.sebastien-avril.fr\/index.php\/singulierement-plurielles-lorgue-et-treize-compositrices-au-fil-du-temps\/"]}]},{"@type":"ImageObject","inLanguage":"fr-FR","@id":"https:\/\/www.sebastien-avril.fr\/index.php\/singulierement-plurielles-lorgue-et-treize-compositrices-au-fil-du-temps\/#primaryimage","url":"https:\/\/www.sebastien-avril.fr\/wp-content\/uploads\/2022\/04\/singulierement-plurielles.png","contentUrl":"https:\/\/www.sebastien-avril.fr\/wp-content\/uploads\/2022\/04\/singulierement-plurielles.png","width":390,"height":349},{"@type":"BreadcrumbList","@id":"https:\/\/www.sebastien-avril.fr\/index.php\/singulierement-plurielles-lorgue-et-treize-compositrices-au-fil-du-temps\/#breadcrumb","itemListElement":[{"@type":"ListItem","position":1,"name":"Accueil","item":"https:\/\/www.sebastien-avril.fr\/"},{"@type":"ListItem","position":2,"name":"\u00ab\u00a0Singuli\u00e8rement Plurielles\u00a0\u00bb &#8211; L&rsquo;orgue et treize compositrices au fil du temps"}]},{"@type":"WebSite","@id":"https:\/\/www.sebastien-avril.fr\/#website","url":"https:\/\/www.sebastien-avril.fr\/","name":"S\u00e9bastien Avril","description":"Musicien et Auteur-Compositeur","publisher":{"@id":"https:\/\/www.sebastien-avril.fr\/#\/schema\/person\/f29e6b62eff270aec7593c250739c345"},"potentialAction":[{"@type":"SearchAction","target":{"@type":"EntryPoint","urlTemplate":"https:\/\/www.sebastien-avril.fr\/?s={search_term_string}"},"query-input":{"@type":"PropertyValueSpecification","valueRequired":true,"valueName":"search_term_string"}}],"inLanguage":"fr-FR"},{"@type":["Person","Organization"],"@id":"https:\/\/www.sebastien-avril.fr\/#\/schema\/person\/f29e6b62eff270aec7593c250739c345","name":"sebavril","image":{"@type":"ImageObject","inLanguage":"fr-FR","@id":"http:\/\/www.sebastien-avril.fr\/wp-content\/uploads\/2022\/04\/sebastien-avril-logo-1.jpg","url":"http:\/\/www.sebastien-avril.fr\/wp-content\/uploads\/2022\/04\/sebastien-avril-logo-1.jpg","contentUrl":"http:\/\/www.sebastien-avril.fr\/wp-content\/uploads\/2022\/04\/sebastien-avril-logo-1.jpg","width":931,"height":894,"caption":"sebavril"},"logo":{"@id":"http:\/\/www.sebastien-avril.fr\/wp-content\/uploads\/2022\/04\/sebastien-avril-logo-1.jpg"},"sameAs":["http:\/\/www.sebastien-avril.fr","https:\/\/www.facebook.com\/savrilmsq","https:\/\/soundcloud.com\/sebastienavril-astylmusic"]}]}},"_links":{"self":[{"href":"https:\/\/www.sebastien-avril.fr\/index.php\/wp-json\/wp\/v2\/pages\/273","targetHints":{"allow":["GET"]}}],"collection":[{"href":"https:\/\/www.sebastien-avril.fr\/index.php\/wp-json\/wp\/v2\/pages"}],"about":[{"href":"https:\/\/www.sebastien-avril.fr\/index.php\/wp-json\/wp\/v2\/types\/page"}],"author":[{"embeddable":true,"href":"https:\/\/www.sebastien-avril.fr\/index.php\/wp-json\/wp\/v2\/users\/1"}],"replies":[{"embeddable":true,"href":"https:\/\/www.sebastien-avril.fr\/index.php\/wp-json\/wp\/v2\/comments?post=273"}],"version-history":[{"count":3,"href":"https:\/\/www.sebastien-avril.fr\/index.php\/wp-json\/wp\/v2\/pages\/273\/revisions"}],"predecessor-version":[{"id":610,"href":"https:\/\/www.sebastien-avril.fr\/index.php\/wp-json\/wp\/v2\/pages\/273\/revisions\/610"}],"wp:attachment":[{"href":"https:\/\/www.sebastien-avril.fr\/index.php\/wp-json\/wp\/v2\/media?parent=273"}],"curies":[{"name":"wp","href":"https:\/\/api.w.org\/{rel}","templated":true}]}}